{"id":865,"date":"2021-10-08T13:20:41","date_gmt":"2021-10-08T11:20:41","guid":{"rendered":"https:\/\/www.teilhabedigital.de\/?page_id=865"},"modified":"2021-10-08T13:31:38","modified_gmt":"2021-10-08T11:31:38","slug":"projektbeirat","status":"publish","type":"page","link":"https:\/\/www.teilhabedigital.de\/index.php\/projektbeirat\/","title":{"rendered":"PROJEKTBEIRAT"},"content":{"rendered":"\n<div class=\"wp-block-themeisle-blocks-advanced-columns has-1-columns has-desktop-equal-layout has-tablet-equal-layout has-mobile-equal-layout has-default-gap has-vertical-unset\" id=\"wp-block-themeisle-blocks-advanced-columns-6a20e6ac\"><div class=\"wp-block-themeisle-blocks-advanced-columns-overlay\"><\/div><div class=\"innerblocks-wrap\">\n<div class=\"wp-block-themeisle-blocks-advanced-column\" id=\"wp-block-themeisle-blocks-advanced-column-c455cd97\">\n<h4 class=\"has-text-align-center has-accent-color has-text-color wp-block-heading\"><strong>MITGLIEDER\u00a0<\/strong><\/h4>\n\n\n\n<ul class=\"wp-block-list\"><li>Mitglied des Deutschen Ethikrats<\/li><li>Mitglied der Landesarbeitsgemeinschaft der Werkstattr\u00e4te als Vertretung der Menschen mit Behinderungen in Werkst\u00e4tten f\u00fcr behinderte Menschen WfbMM<\/li><li>Mitglied der Landesarbeitsgemeinschaft der Eltern, Angeh\u00f6rigen und gesetzlichen Betreuer von Menschen mit geistiger Behinderung<\/li><li>Heimbeir\u00e4te der Praxispartner<\/li><li>Vertretungspersonen der Fachkr\u00e4fte<\/li><\/ul>\n\n\n\n<div style=\"height:100px\" aria-hidden=\"true\" class=\"wp-block-spacer\"><\/div>\n\n\n\n<h4 class=\"has-text-align-center has-accent-color has-text-color wp-block-heading\"><strong>ZIEL<\/strong><\/h4>\n\n\n\n<p class=\"has-text-align-left\">Ziel des Projektbeirats ist es, die unabh\u00e4ngige Bewertung der Projektaktivit\u00e4ten sicherzustellen sowie einen Beitrag zur erfolgreichen Projektumsetzung zu leisten.<\/p>\n\n\n\n<div style=\"height:100px\" aria-hidden=\"true\" class=\"wp-block-spacer\"><\/div>\n\n\n\n<h4 class=\"has-text-align-center has-header-gradient-color has-text-color wp-block-heading\"><strong>AUFGABEN<\/strong><\/h4>\n\n\n\n<h6 class=\"has-text-align-left has-black-color has-text-color wp-block-heading\">BEGLEITUNG<\/h6>\n\n\n\n<p class=\"has-text-align-left\">Zentrale Aufgabe des Projektbeirats ist die Begleitung im Prozess des Forschungsprojekts.\u00a0Daf\u00fcr\u00a0werden ihm in zweimal j\u00e4hrlich stattfindenden Beiratssitzungen der aktuelle Stand sowie die bisher erreichten  Meilensteine pr\u00e4sentiert.<\/p>\n\n\n\n<h6 class=\"has-text-align-left has-black-color has-text-color wp-block-heading\">\u00dcBERPR\u00dcFUNG<\/h6>\n\n\n\n<p class=\"has-text-align-left\">Anhand der Arbeitspakete \u00fcberpr\u00fcft der Projektbeirat die Einhaltung der Ziele.<\/p>\n\n\n\n<h6 class=\"has-text-align-left has-black-color has-text-color wp-block-heading\">BEWERTUNG<\/h6>\n\n\n\n<p class=\"has-text-align-left\">(Zwischen-) Ergebnisse werden zur Diskussion gestellt und vom Projektbeirat kritisch bewertet.<\/p>\n\n\n\n<h6 class=\"has-text-align-left has-black-color has-text-color wp-block-heading\">BERATUNG<\/h6>\n\n\n\n<p class=\"has-text-align-left\">Die Mitglieder des Projektbeirats verf\u00fcgen \u00fcber je spezifische Expertisen und Erfahrungen gem\u00e4\u00df ihrem Fachbereich bzw. ihrer Lebenswelt. Auf dieser Grundlage ber\u00e4t er das Projektteam, gibt R\u00fcckmeldung und spricht ggf. Empfehlungen bez\u00fcglich des weiteren Vorgehens im Projektverlauf aus. Er ber\u00e4t au\u00dferdem hinsichtlich des Wissenstransfers sowie der nachhaltigen Implementierung der Ergebnisse.<\/p>\n<\/div>\n<\/div><\/div>\n","protected":false},"excerpt":{"rendered":"","protected":false},"author":12,"featured_media":60,"parent":0,"menu_order":0,"comment_status":"closed","ping_status":"closed","template":"","meta":{"footnotes":""},"class_list":["post-865","page","type-page","status-publish","has-post-thumbnail","hentry"],"_links":{"self":[{"href":"https:\/\/www.teilhabedigital.de\/index.php\/wp-json\/wp\/v2\/pages\/865","targetHints":{"allow":["GET"]}}],"collection":[{"href":"https:\/\/www.teilhabedigital.de\/index.php\/wp-json\/wp\/v2\/pages"}],"about":[{"href":"https:\/\/www.teilhabedigital.de\/index.php\/wp-json\/wp\/v2\/types\/page"}],"author":[{"embeddable":true,"href":"https:\/\/www.teilhabedigital.de\/index.php\/wp-json\/wp\/v2\/users\/12"}],"replies":[{"embeddable":true,"href":"https:\/\/www.teilhabedigital.de\/index.php\/wp-json\/wp\/v2\/comments?post=865"}],"version-history":[{"count":16,"href":"https:\/\/www.teilhabedigital.de\/index.php\/wp-json\/wp\/v2\/pages\/865\/revisions"}],"predecessor-version":[{"id":889,"href":"https:\/\/www.teilhabedigital.de\/index.php\/wp-json\/wp\/v2\/pages\/865\/revisions\/889"}],"wp:featuredmedia":[{"embeddable":true,"href":"https:\/\/www.teilhabedigital.de\/index.php\/wp-json\/wp\/v2\/media\/60"}],"wp:attachment":[{"href":"https:\/\/www.teilhabedigital.de\/index.php\/wp-json\/wp\/v2\/media?parent=865"}],"curies":[{"name":"wp","href":"https:\/\/api.w.org\/{rel}","templated":true}]}}