{"id":1066,"date":"2022-08-04T11:07:11","date_gmt":"2022-08-04T09:07:11","guid":{"rendered":"https:\/\/www.teilhabedigital.de\/?page_id=1066"},"modified":"2024-04-15T13:12:35","modified_gmt":"2024-04-15T11:12:35","slug":"materialien","status":"publish","type":"page","link":"https:\/\/www.teilhabedigital.de\/index.php\/materialien\/","title":{"rendered":"LINKSAMMLUNG MEDIENKOMPETENZ"},"content":{"rendered":"\n<h3 class=\"wp-block-heading has-text-align-center\">DIDAKTISCHE MATERIALIEN F\u00dcR MEDIENKOMPETENZANGEBOTE<\/h3>\n\n\n\n<p class=\"has-text-align-center\">Auf dieser Seite finden Sie eine Linksammlung kostenloser didaktischer Materialien f\u00fcr die eigene Gestaltung medienp\u00e4dagogischer Angebote in Einrichtungen der Behindertenhilfe, zur F\u00f6rderung von digitaler und Medienkompetenz.<\/p>\n\n\n\n<p class=\"has-text-align-center\">Stand: Juli 2023<\/p>\n\n\n\n<p><\/p>\n\n\n\n<h6 class=\"wp-block-heading\"><\/h6>\n\n\n\n<p class=\"has-medium-font-size\"><strong>LINKSAMMLUNG<\/strong><\/p>\n\n\n\n<p><a rel=\"noreferrer noopener\" href=\"https:\/\/weidi-nrd.de\/start\/\" target=\"_blank\"><strong>WEIDI <\/strong><\/a>&#8211; Frei verf\u00fcgbare und sehr umfassende Video-Anleitungen zum Erlernen der Nutzung von Tablet, Apps und Internet in leichter Sprache<a rel=\"noreferrer noopener\" href=\"https:\/\/www.verbraucherzentrale-rlp.de\/digitale-welt\/digitale-bildung-fuer-die-generation-50-plus-52873\" target=\"_blank\"><\/a><\/p>\n\n\n\n<p><strong><a rel=\"noreferrer noopener\" href=\"https:\/\/netz-stecker.info\/\" target=\"_blank\">NetzStecker Lebenshilfe M\u00fcnster<\/a><\/strong> &#8211;  Kostenloses Material zur inklusiven Medienbildung in leichter Sprache (Videos und Brosch\u00fcren).<\/p>\n\n\n\n<p><a href=\"https:\/\/www.jff.de\/fileadmin\/user_upload\/jff\/veroeffentlichungen\/2019\/jff_muenchen_veroeffentlichung_ 2019_didaktisches_design_padigi.pdf.pdf\" target=\"_blank\" rel=\"noreferrer noopener\"><strong>Didaktisches Design f\u00fcr digitale Lernmodule zur Vermittlung von Medienkompetenz f\u00fcr Menschen mit Lernschwierigkeiten (Ergebnisse der PADIGI Studie<\/strong><\/a><strong><a href=\"https:\/\/www.jff.de\/fileadmin\/user_upload\/jff\/veroeffentlichungen\/2019\/jff_muenchen_veroeffentlichung_ 2019_didaktisches_design_padigi.pdf.pdf\">)<\/a> <\/strong>&#8211; Partizipative Medienbildung f\u00fcr Menschen mit geistiger Behinderung<\/p>\n\n\n\n<p><a href=\"https:\/\/www.bremische-landesmedienanstalt.de\/uploads\/Texte\/Meko\/Forschung\/MekoBe_Endbericht.pdf\" target=\"_blank\" rel=\"noreferrer noopener\"><strong>Mediennutzung und Vermittlung von Medienkompetenz in der Behindertenhilfe Bremen<\/strong><\/a> &#8211; Bedarfsanalyse und Handlungsempfehlungen zur Gestaltung eines Fortbildungskonzeptes zur Medienkompetenzf\u00f6rderung f\u00fcr Menschen mit geistiger Behinderung<\/p>\n\n\n\n<p><a rel=\"noreferrer noopener\" href=\"https:\/\/www.aktion-mensch.de\/inklusion\/bildung\/impulse\/digital-inklusive-bildung\/wegweiser-ins-netz\/ apps-und-software\" target=\"_blank\"><strong>Aktion Mensch &#8211; Expertenempfehlungen zu Apps und Softwares f\u00fcr inklusive Lernsettings<\/strong><\/a> &#8211; Vorstellung zentraler Empfehlungen f\u00fcr den inklusiven Einsatz digitaler Medien und Tipps zur Anwendung<\/p>\n\n\n\n<p><a href=\"https:\/\/akjs-sh.de\/produkt\/smartphone-selbstbestimmt-nutzen\/\" target=\"_blank\" rel=\"noreferrer noopener\"><strong>&#8222;Smartphone selbstbestimmt nutzen!&#8220; &#8211; Projekt der AKJS (Aktion Kinder- und Jugendschutz)<\/strong><\/a> &#8211; Entwicklung von Formaten, welche die Themen des Jugend-\/medien-\/schutzes auch Menschen mit Behinderung zug\u00e4nglich machen k\u00f6nnen<\/p>\n\n\n\n<p><a rel=\"noreferrer noopener\" href=\"https:\/\/rananmausundtablet.de\/willkommen\/\" target=\"_blank\"><strong>Ran an Maus &amp; Tablet<\/strong><\/a> &#8211; Wegweiser, um ohne gro\u00dfe Vorkenntnisse Medienarbeit an einer Institution zu etablieren<a href=\"https:\/\/www.padigi-medienkompetenz.de\/\"><\/a><\/p>\n\n\n\n<p><a href=\"https:\/\/www.inklusive-medienarbeit.de\/\" target=\"_blank\" rel=\"noreferrer noopener\"><strong>&#8222;nimm!&#8220; &#8211; Netzwerk inklusiv mit Medien<\/strong><\/a> &#8211; Berichte \u00fcber Projekte und Aktionen, Informationen, Praxisbeispiele sowie Materialien f\u00fcr Fachkr\u00e4fte<\/p>\n\n\n\n<p><a href=\"https:\/\/digital-dabei.ch\/d\/\" target=\"_blank\" rel=\"noreferrer noopener\"><strong>digital dabei<\/strong><\/a> &#8211; digitale Informationsbrosch\u00fcre f\u00fcr Fachkr\u00e4fte. Informiert \u00fcber die Bedeutung des Umgangs mit digitalen Medien bei Menschen mit geistiger Behinderung<\/p>\n\n\n\n<p><a href=\"https:\/\/www.klicksafe.de\/\" target=\"_blank\" rel=\"noreferrer noopener\"><strong>klicksafe<\/strong><\/a> &#8211; Bieten Materialien zu digitalen Themen f\u00fcr Eltern, Fachkr\u00e4fte oder Kinder-Jugendliche, sortierbar nach Zielgruppe und Thema<\/p>\n\n\n\n<p><a rel=\"noreferrer noopener\" href=\"https:\/\/www.tjfbg.de\/ausserschulische-angebote\/barrierefrei-kommunizieren\/\" target=\"_blank\"><strong>&#8222;barrierefrei kommunizieren!&#8220;<\/strong><\/a> &#8211; Angebote rund um digitale Medien und Inklusion &#8211; inklusive Workshops und Infos zur Mediennutzung von Menschen mit Behinderung und barrierefreier Kommunikation<a rel=\"noreferrer noopener\" href=\"https:\/\/www.kindermedienland-bw.de\/de\/startseite\/unsere-programme\" target=\"_blank\"><\/a><\/p>\n\n\n\n<p><a rel=\"noreferrer noopener\" href=\"https:\/\/mekomat.de\/?s=behinderung\" target=\"_blank\"><strong>Mekomat: Medienkompetenz<\/strong><\/a><a href=\"https:\/\/mekomat.de\/?s=behinderung\" target=\"_blank\" rel=\"noreferrer noopener\"><strong>&#8211;<\/strong><\/a><a rel=\"noreferrer noopener\" href=\"https:\/\/mekomat.de\/?s=behinderung\" target=\"_blank\"><strong>Material<\/strong><\/a> &#8211; Sammlung verschiedener Arbeitsmaterialien zur Vermittlung von Medienkompetenzen<\/p>\n\n\n\n<p><a rel=\"noreferrer noopener\" href=\"https:\/\/www.darmstadt.de\/leben-in-darmstadt\/soziales-und-gesellschaft\/inklusion\/digital-fuer-alle\" target=\"_blank\"><strong>&#8222;Digital f\u00fcr Alle&#8220; &#8211; Darmstadt<\/strong><\/a> &#8211; Informationen, Leitfaden und Projekt zum Thema: Besch\u00e4ftigung mit der Frage, wie man B\u00fcrgerinnen und B\u00fcrgern mit geringer Medienkompetenz den Zugang zur digitalen Welt erleichtern kann, durch Medien mehr Teilhabe schaffen, Handb\u00fccher in einfacher Sprache zu den Themen Smartphone und Internet<\/p>\n\n\n\n<p><a rel=\"noreferrer noopener\" href=\"https:\/\/www.verbraucherzentrale-rlp.de\/digitale-welt\/digitale-bildung-fuer-die-generation-50-plus-52873\" target=\"_blank\"><strong>Digitale Bildung f\u00fcr die Generation 50 plus<\/strong><\/a> &#8211; Frei verf\u00fcgbare Module f\u00fcr die Erstellung eines medienp\u00e4dagogischen Angebots, eingeschr\u00e4nkt nutzbar f\u00fcr Menschen mit intellektuellen Behinderungen<\/p>\n","protected":false},"excerpt":{"rendered":"<p>DIDAKTISCHE MATERIALIEN F\u00dcR MEDIENKOMPETENZANGEBOTE Auf dieser Seite finden Sie eine Linksammlung kostenloser didaktischer Materialien f\u00fcr die eigene Gestaltung medienp\u00e4dagogischer Angebote in Einrichtungen der Behindertenhilfe, zur F\u00f6rderung von digitaler und Medienkompetenz. Stand: Juli 2023 LINKSAMMLUNG WEIDI &#8211; Frei verf\u00fcgbare und sehr umfassende Video-Anleitungen zum Erlernen der Nutzung von Tablet, Apps und [&hellip;]<\/p>\n","protected":false},"author":6,"featured_media":60,"parent":0,"menu_order":0,"comment_status":"closed","ping_status":"closed","template":"","meta":{"footnotes":""},"class_list":["post-1066","page","type-page","status-publish","has-post-thumbnail","hentry"],"_links":{"self":[{"href":"https:\/\/www.teilhabedigital.de\/index.php\/wp-json\/wp\/v2\/pages\/1066","targetHints":{"allow":["GET"]}}],"collection":[{"href":"https:\/\/www.teilhabedigital.de\/index.php\/wp-json\/wp\/v2\/pages"}],"about":[{"href":"https:\/\/www.teilhabedigital.de\/index.php\/wp-json\/wp\/v2\/types\/page"}],"author":[{"embeddable":true,"href":"https:\/\/www.teilhabedigital.de\/index.php\/wp-json\/wp\/v2\/users\/6"}],"replies":[{"embeddable":true,"href":"https:\/\/www.teilhabedigital.de\/index.php\/wp-json\/wp\/v2\/comments?post=1066"}],"version-history":[{"count":31,"href":"https:\/\/www.teilhabedigital.de\/index.php\/wp-json\/wp\/v2\/pages\/1066\/revisions"}],"predecessor-version":[{"id":1566,"href":"https:\/\/www.teilhabedigital.de\/index.php\/wp-json\/wp\/v2\/pages\/1066\/revisions\/1566"}],"wp:featuredmedia":[{"embeddable":true,"href":"https:\/\/www.teilhabedigital.de\/index.php\/wp-json\/wp\/v2\/media\/60"}],"wp:attachment":[{"href":"https:\/\/www.teilhabedigital.de\/index.php\/wp-json\/wp\/v2\/media?parent=1066"}],"curies":[{"name":"wp","href":"https:\/\/api.w.org\/{rel}","templated":true}]}}