{"id":1062,"date":"2022-08-04T11:06:34","date_gmt":"2022-08-04T09:06:34","guid":{"rendered":"https:\/\/www.teilhabedigital.de\/?page_id=1062"},"modified":"2023-07-12T10:36:16","modified_gmt":"2023-07-12T08:36:16","slug":"angebote","status":"publish","type":"page","link":"https:\/\/www.teilhabedigital.de\/index.php\/angebote\/","title":{"rendered":"ANGEBOTE"},"content":{"rendered":"\n<h3 class=\"wp-block-heading has-text-align-center\">MEDIENKOMPETENZANGEBOTE<\/h3>\n\n\n\n<p class=\"has-text-align-center\">Auf dieser Seite finden Sie Links zu Angeboten rund um das Thema <strong>F\u00f6rderung von Medienkompetenz von Menschen mit Behinderungen und Betreuungspersonen<\/strong>. Darunter finden sich Angebote f\u00fcr Menschen mit und ohne Behinderungen ohne jegliche Vorerfahrung mit digitaler Technik sowie Angebote f\u00fcr eher fortgeschrittene Personen sowie Betreuungspersonen. Da die Bedarfe in Einrichtungen der Behindertenhilfe sehr unterschiedlich sind, k\u00f6nnen hier die jeweils passenden Angebote ausgew\u00e4hlt werden.<\/p>\n\n\n\n<p class=\"has-text-align-center\">Wir haben eine hilfreiche Liste an Angeboten vornehmlich in den Regionen Freiburg, L\u00f6rrach und Bodensee zusammengestellt.<\/p>\n\n\n\n<p class=\"has-text-align-center\">Stand: Juli 2023<\/p>\n\n\n\n<p><\/p>\n\n\n\n<p class=\"has-medium-font-size\"><strong>LINKSAMMLUNG<\/strong><\/p>\n\n\n\n<h4 class=\"wp-block-heading\">1. Angebote f\u00fcr Betreuungspersonen<\/h4>\n\n\n\n<p><strong>Medienakademie Baden-W\u00fcrttemberg<\/strong> &#8211; <strong>Gerlingen\/Leonberg:<\/strong> Seminare f\u00fcr die Fort- und Weiterbildung von Betreuungspersonen &#8211; Themenschwerpunkte: Jugendmedienschutz, Kompetenztraining Ger\u00e4tebedienung, Inklusion und Mediennutzung, aktive Medienarbeit mit der Zielgruppe, didaktische Einsatzm\u00f6glichkeiten digitaler Medien<\/p>\n\n\n\n<p><strong><a href=\"https:\/\/www.karmacom.de\/workshops-vortraege-und-seminare\/social-media-menschen-mit-behinderung\/#1505743310692-547d5fc0-3eb4\" target=\"_blank\" rel=\"noreferrer noopener\">Karmacom<\/a><\/strong> &#8211; <strong>Freiburg im Breisgau<\/strong> &#8211; Seminare zum Thema: Grundlagen der Medienp\u00e4dagogik, -didaktik und -theorie, Medienkompetenz von Menschen mit Behinderung f\u00f6rdern, Konzept der \u201eLeichten Sprache\u201c<\/p>\n\n\n\n<p><\/p>\n\n\n\n<p><strong><a rel=\"noreferrer noopener\" href=\"https:\/\/akademie.stiftung-liebenau.de\/kursprogramm\/kurs\/Digitale-Medien-im-Klientenkontakt\/231216#c378\" data-type=\"URL\" data-id=\"https:\/\/akademie.stiftung-liebenau.de\/kursprogramm\/kurs\/Digitale-Medien-im-Klientenkontakt\/231216#c378\" target=\"_blank\">Digitale Medien im Klientenkontakt<\/a> <\/strong>&#8211; <strong>Meckenbeuren-Liebenau <\/strong>&#8211; Eint\u00e4giger Fortbildungskurs f\u00fcr Personen, die Menschen  mit Behinderungen betreuen (Mitarbeitende, gesetzliche Vertreter, Angeh\u00f6rige, Freiwillig Engagierte etc.). Im Rahmen der Veranstaltung werden ausgehend von Beispielsituationen h\u00e4ufige Fragen zum Umgang mit digitalen Medien besprochen und p\u00e4dagogische Handlungsm\u00f6glichkeiten aufgezeigt.<\/p>\n\n\n\n<p><a rel=\"noreferrer noopener\" href=\"https:\/\/akademie.stiftung-liebenau.de\/kursprogramm\/kurs\/Werkstatttag-2023\/231559#c378\" target=\"_blank\"><strong>Werkstatttag 2023 Digitale Arbeitsassistenz<\/strong><\/a> &#8211; <strong>Memmingen <\/strong>&#8211; Einf\u00fchrung f\u00fcr Mitarbeitende einer WfbM und Interessierte in die M\u00f6glichkeiten digitaler Arbeitsassistenzen in Werkst\u00e4tten f\u00fcr Menschen mit Behinderungen. <\/p>\n\n\n\n<h4 class=\"wp-block-heading\">2. Angebote f\u00fcr Menschen mit Behinderungen<\/h4>\n\n\n\n<p><a href=\"https:\/\/www.karmacom.de\/workshops-vortraege-und-seminare\/social-media-menschen-mit-behinderung\/# 1505743756609-0277031d-c736\" target=\"_blank\" rel=\"noreferrer noopener\"><strong>Karmacom &#8211; Social Media f\u00fcr Menschen mit Behinderung<\/strong><\/a> &#8211; <strong>Freiburg im Breisgau<\/strong> &#8211; Vermittlung von Kompetenzen im Umgang mit Facebook und Co.: Sinnvoll in sozialen Netzwerken bewegen<\/p>\n\n\n\n<p><a href=\"http:\/\/www.piksl.net\/\" target=\"_blank\" rel=\"noreferrer noopener\"><strong>PIKSL &#8211; Personenzentrierte Interaktion und Kommunikation f\u00fcr mehr Selbstbestimmung im Leben<\/strong><\/a> &#8211; <strong>Nordrhein-Westfalen \/ bundesweit<\/strong> &#8211; Workshops: Themen und W\u00fcnsche werden von der Zielgruppe vorab abgesprochen, Beispiele: Einfach digital, Einfach online, Einfach Apps, Einfach in Kontakt, einfach Medienkompetenz<\/p>\n\n\n\n<p><a href=\"https:\/\/medienkompetenz.team\/digitale-inklusion\/\" target=\"_blank\" rel=\"noreferrer noopener\"><strong>Medienkompetenzteam<\/strong><\/a> &#8211; <strong>Karlsruhe<\/strong> &#8211; Grundlagen-Workshop f\u00fcr Eltern in einfacher Sprache, Fokus liegt hier eher auf einen verantwortungsvollen Umgang mit digitalen Medien, weniger um die Nutzung an sich, noch kein Angebot speziell f\u00fcr Menschen mit Behinderung &#8211; Anfragen erw\u00fcnscht<\/p>\n\n\n\n<p><strong><a href=\"https:\/\/www.lebenshilfe-breisgau.de\/wp-content\/uploads\/2023\/01\/2023_Programmheft_Gruppen_und_Kurse.pdf\" data-type=\"URL\" target=\"_blank\" rel=\"noreferrer noopener\">Lebenshilfe Breisgau<\/a><\/strong> &#8211; <strong>Freiburg im Breisgau<\/strong> &#8211; Katalog mit Freizeitangeboten und Kursen f\u00fcr Menschen mit Behinderung, relevant: Kurs \u201eWhatsApp und Co. Wie funktioniert eigentlich mein Smartphone?\u201c auf Seite 40 im Katalog<\/p>\n\n\n\n<p><\/p>\n\n\n\n<p><a href=\"https:\/\/www.vhs-markgraeflerland.de\/programm\/aktuelles-programmheft\"><\/a><\/p>\n\n\n\n<h4 class=\"wp-block-heading\">3. Angebote f\u00fcr Menschen mit Behinderung und ihre Betreuungspersonen<\/h4>\n\n\n\n<p><a rel=\"noreferrer noopener\" href=\"https:\/\/101schulen.kindermedienland-bw.de\/de\/startseite\" target=\"_blank\"><strong>101 Schulen (Kindermedienland BW)<\/strong><\/a> &#8211; <strong>Stuttgart<\/strong> &#8211; Workshops, Informationsveranstaltungen und aktive Medienarbeit f\u00fcr Sch\u00fclerinnen und Sch\u00fcler sowie Eltern und Lehrkr\u00e4fte &#8211; Themen: Basiswissen, Smartphone\/Tablet, Apps\/Digitale Spiele, Informationskompetenz<\/p>\n\n\n\n<p><a href=\"https:\/\/www.padigi-medienkompetenz.de\/\"><strong>PADIGI &#8211; Partizipation digital<\/strong><\/a> &#8211; Blended Learning Kurs mit umfangreichen Informationen sowie Materialien zu medienp\u00e4dagogischen Ans\u00e4tzen und inklusiven Modellen zur Weiterbildung von Fachkr\u00e4ften aus P\u00e4dagogik und Heilerziehungspflege<\/p>\n\n\n\n<p><strong><a rel=\"noreferrer noopener\" href=\"https:\/\/erdmaennchenundbaer.de\/workshops\/\" target=\"_blank\">Erdm\u00e4nnchen &amp; B\u00e4r<\/a> &#8211; Heidelberg, Online<\/strong> &#8211; Umfassendes Angebot an inklusiven Workshops zur Medienp\u00e4dagogik und Organisationsentwicklung<\/p>\n\n\n\n<p><a rel=\"noreferrer noopener\" href=\"https:\/\/vhs-bodenseekreis.de\/Artikel\/autowert-cmx6399ccc3781f8\" data-type=\"URL\" data-id=\"https:\/\/vhs-bodenseekreis.de\/Artikel\/autowert-cmx6399ccc3781f8\" target=\"_blank\"><strong>Volkshochschule Bodenseekreis<\/strong> <\/a>&#8211; <strong>\u00dcberlingen, Meckenbeuren, Markdorf<\/strong> &#8211; Kurse zu Smartphone\/Tablet\/IPad\/neue Medien<\/p>\n\n\n\n<p><strong><a rel=\"noreferrer noopener\" href=\"https:\/\/www.vhs-landkreis-konstanz.de\/programm\/beruf-karriere\/kategorie\/Smartphone+iPad+Co\/2497#inhalt\" data-type=\"URL\" data-id=\"https:\/\/www.vhs-landkreis-konstanz.de\/programm\/beruf-karriere\/kategorie\/Smartphone+iPad+Co\/2497#inhalt\" target=\"_blank\">Volkshochschule Landkreis Konstanz<\/a><\/strong> &#8211; <strong>Konstanz<\/strong>, <strong>Radolfzell, Online<\/strong> &#8211; Workshops und Vortr\u00e4ge zu Smartphones, iPad und Co: Fit im digitalen Alltag Teil 1 &#8211; Alles rund um das Internet, Computersicherheit, Einzelcoaching und vieles mehr<\/p>\n\n\n\n<p><a href=\"https:\/\/www.vhs-markgraeflerland.de\/programm\/aktuelles-programmheft\" target=\"_blank\" rel=\"noreferrer noopener\"><strong>Volkshochschule Markgr\u00e4flerland<\/strong><\/a> &#8211; <strong>M\u00fcllheim<\/strong> &#8211; Verschiedene Fortbildungsveranstaltungen u.a. zum Thema &#8222;Tablet &amp; Smartphone&#8220;<\/p>\n\n\n\n<p><a href=\"https:\/\/www.stiftung-barrierefrei-kommunizieren.de\/unsere-arbeit\/workshops\"><strong>Stiftung Barrierefrei kommunizieren<\/strong><\/a> &#8211; <strong>Berlin<\/strong> &#8211; Workshops rund um assistive Computertechnologien, barrierefreie Medien, Inklusion und Medienkompetenz &#8211; Beispiele: Aktive Medienarbeit inklusiv, Umgang mit sozialen Medien, Tablets und Smartphones als assistive Technologien<\/p>\n\n\n\n<p><strong><a href=\"https:\/\/www.didab.info\/\" target=\"_blank\" rel=\"noreferrer noopener\">didab <\/a><\/strong>&#8211; <strong>Online <\/strong>&#8211; Lernplattform f\u00fcr Menschen mit Behinderungen zum Umgang mit Internet, Smartphone, Apps in einfacher Sprache. AU\u00dferdem Bildungsangebote f\u00fcr Fachkr\u00e4fte.<\/p>\n\n\n\n<h4 class=\"wp-block-heading\">4. Sonstige Angebote<\/h4>\n\n\n\n<p><strong><a href=\"https:\/\/www.freiburg.de\/pb\/site\/Freiburg\/get\/params_E295749364\/2050861\/Internet,%20PC,%20Smartphone,%20Tablet-PC-%20Kurse,%20Nutzung%20und%20Beratung.pdf\" data-type=\"URL\" target=\"_blank\" rel=\"noreferrer noopener\">Seniorenb\u00fcro Freiburg<\/a> <\/strong>&#8211; <strong>Freiburg im Breisgau<\/strong> &#8211; Internet, PC, Handy, Tablet-PC &#8211; Kurse, Nutzung und Beratung. Vielseitige Angebote f\u00fcr Senior:innen in verschiedenen Freiburger Stadtteilen<\/p>\n\n\n\n<p><a rel=\"noreferrer noopener\" href=\"https:\/\/www.lmz-bw.de\/index.php?id=15779\" target=\"_blank\"><strong>Landesmedienzentrum BW<\/strong><\/a> &#8211; <strong>Karlsruhe und Stuttgart<\/strong> &#8211; Individuell buchbare Fortbildungsangebote f\u00fcr Lehrkr\u00e4fte, zwei Schwerpunkte (technisch und medienp\u00e4dagogisch) jeweils mit Unterthemen zur Auswahl<\/p>\n\n\n\n<p><a href=\"https:\/\/senioren.kindermedienland-bw.de\/de\/startseite\"><strong>Senioren Medienmentoren Programm (Kindermedienland Baden-W\u00fcrttemberg)<\/strong><\/a> &#8211; <strong>Stuttgart<\/strong> &#8211; Schulung zum Medienmentor: Themen zur praxisnahen Bearbeitung: Sichere Nutzung von Internet, Smartphone Tablet und Apps, Social Media, Datenschutz, Kommunikationsm\u00f6glichkeiten im Internet, Technik-Sprechstunde mit\/f\u00fcr jeweils eigenen Ger\u00e4ten<\/p>\n\n\n\n<p><a href=\"https:\/\/medienvelo-freiburg.de\/unser-angebot\/\" target=\"_blank\" rel=\"noreferrer noopener\"><strong>Medienvelo Freiburg<\/strong><\/a> &#8211; <strong>Freiburg im Breisgau<\/strong> &#8211; Medienkompetenz auf R\u00e4dern \/ E-Bike mit Anh\u00e4nger ausgestattet mit zahlreichem technischem Equipment &#8211; Zielgruppe: Kinder und Jugendliche mit Benachteiligungen<\/p>\n\n\n\n<p><\/p>\n","protected":false},"excerpt":{"rendered":"<p>MEDIENKOMPETENZANGEBOTE Auf dieser Seite finden Sie Links zu Angeboten rund um das Thema F\u00f6rderung von Medienkompetenz von Menschen mit Behinderungen und Betreuungspersonen. Darunter finden sich Angebote f\u00fcr Menschen mit und ohne Behinderungen ohne jegliche Vorerfahrung mit digitaler Technik sowie Angebote f\u00fcr eher fortgeschrittene Personen sowie Betreuungspersonen. Da die Bedarfe in [&hellip;]<\/p>\n","protected":false},"author":6,"featured_media":60,"parent":0,"menu_order":0,"comment_status":"closed","ping_status":"closed","template":"","meta":{"footnotes":""},"class_list":["post-1062","page","type-page","status-publish","has-post-thumbnail","hentry"],"_links":{"self":[{"href":"https:\/\/www.teilhabedigital.de\/index.php\/wp-json\/wp\/v2\/pages\/1062","targetHints":{"allow":["GET"]}}],"collection":[{"href":"https:\/\/www.teilhabedigital.de\/index.php\/wp-json\/wp\/v2\/pages"}],"about":[{"href":"https:\/\/www.teilhabedigital.de\/index.php\/wp-json\/wp\/v2\/types\/page"}],"author":[{"embeddable":true,"href":"https:\/\/www.teilhabedigital.de\/index.php\/wp-json\/wp\/v2\/users\/6"}],"replies":[{"embeddable":true,"href":"https:\/\/www.teilhabedigital.de\/index.php\/wp-json\/wp\/v2\/comments?post=1062"}],"version-history":[{"count":37,"href":"https:\/\/www.teilhabedigital.de\/index.php\/wp-json\/wp\/v2\/pages\/1062\/revisions"}],"predecessor-version":[{"id":1364,"href":"https:\/\/www.teilhabedigital.de\/index.php\/wp-json\/wp\/v2\/pages\/1062\/revisions\/1364"}],"wp:featuredmedia":[{"embeddable":true,"href":"https:\/\/www.teilhabedigital.de\/index.php\/wp-json\/wp\/v2\/media\/60"}],"wp:attachment":[{"href":"https:\/\/www.teilhabedigital.de\/index.php\/wp-json\/wp\/v2\/media?parent=1062"}],"curies":[{"name":"wp","href":"https:\/\/api.w.org\/{rel}","templated":true}]}}